{"id":1507,"date":"2022-03-03T22:35:02","date_gmt":"2022-03-03T21:35:02","guid":{"rendered":"https:\/\/www.tk-marjanca.net\/?page_id=1507"},"modified":"2022-03-03T23:30:47","modified_gmt":"2022-03-03T22:30:47","slug":"piskotki","status":"publish","type":"page","link":"https:\/\/www.tk-marjanca.net\/en\/piskotki\/","title":{"rendered":"Cookies"},"content":{"rendered":"<div data-elementor-type=\"wp-page\" data-elementor-id=\"1507\" class=\"elementor elementor-1507\">\n\t\t\t\t\t\t<section class=\"elementor-section elementor-top-section elementor-element elementor-element-997f047 elementor-section-boxed elementor-section-height-default elementor-section-height-default parallax_section_no qode_elementor_container_no\" data-id=\"997f047\" data-element_type=\"section\" data-e-type=\"section\">\n\t\t\t\t\t\t<div class=\"elementor-container elementor-column-gap-default\">\n\t\t\t\t\t<div class=\"elementor-column elementor-col-100 elementor-top-column elementor-element elementor-element-24d9c31\" data-id=\"24d9c31\" data-element_type=\"column\" data-e-type=\"column\">\n\t\t\t<div class=\"elementor-widget-wrap elementor-element-populated\">\n\t\t\t\t\t\t<div class=\"elementor-element elementor-element-aba0342 elementor-widget elementor-widget-text-editor\" data-id=\"aba0342\" data-element_type=\"widget\" data-e-type=\"widget\" data-widget_type=\"text-editor.default\">\n\t\t\t\t<div class=\"elementor-widget-container\">\n\t\t\t\t\t\t\t\t\t<div class=\"wpb_text_column wpb_content_element\">\n<div class=\"wpb_wrapper\"><section class=\"elementor-section elementor-top-section elementor-element elementor-element-1ae394e elementor-section-boxed elementor-section-height-default elementor-section-height-default\" data-id=\"1ae394e\" data-element_type=\"section\">\n<div class=\"elementor-container elementor-column-gap-default\">\n<div class=\"elementor-column elementor-col-100 elementor-top-column elementor-element elementor-element-d4e5674\" data-id=\"d4e5674\" data-element_type=\"column\">\n<div class=\"elementor-widget-wrap elementor-element-populated\">\n<div class=\"elementor-element elementor-element-3b24d1e elementor-widget elementor-widget-text-editor\" data-id=\"3b24d1e\" data-element_type=\"widget\" data-widget_type=\"text-editor.default\">\n<div class=\"elementor-widget-container\">\n<h3>ABOUT COOKIES<\/h3>\nAll website visitors have many cookies stored on their computers, tablets and mobile phones. With the new legislation (ZEKom-1) there are changes regarding information or consent of visitors to their use.\n<h3>WHAT ARE COOKIES<\/h3>\nCookies in computing and the Internet are small text files that most websites store on devices that allow users to access the Internet in order to identify individual devices that users have used to access them. Their storage is under the complete control of the user&#039;s browser - the user can restrict or disable the storage of cookies.\n<h3>WHY ARE THEY NEEDED?<\/h3>\nCookies are essential for providing user-friendly online services. The interaction between the web user and the website is faster and easier with the help of cookies. With their help, the site remembers the individual&#039;s preferences and experiences, thus saving time and browsing the sites more efficiently and friendly. Here are some specific examples of the use of cookies:\n<ul>\n \t<li>for a better user experience of the website, we adjust the display of content to visitors according to past visits<\/li>\n \t<li>to store choices when creating shortcuts and offers and comparing them<\/li>\n \t<li>we keep you registered on the parts of the sites where registration is required<\/li>\n \t<li>to identify your device (computer, tablet, mobile phone), which allows you to customize the display of content to your device<\/li>\n \t<li>to monitor traffic, which allows us to check the effectiveness of the display of content and the relevance of ads and the continuous improvement of websites<\/li>\n \t<li>they are necessary for the operation of certain services (eg online banks, online shops and other forms of e-commerce,\u2026)<\/li>\n<\/ul>\n<\/div>\n<\/div>\n<\/div>\n<\/div>\n<\/div>\n<\/section><section class=\"elementor-section elementor-top-section elementor-element elementor-element-29d1b54 elementor-section-boxed elementor-section-height-default elementor-section-height-default\" data-id=\"29d1b54\" data-element_type=\"section\">\n<div class=\"elementor-container elementor-column-gap-default\">\n<div class=\"elementor-column elementor-col-100 elementor-top-column elementor-element elementor-element-609f29b\" data-id=\"609f29b\" data-element_type=\"column\">\n<div class=\"elementor-widget-wrap elementor-element-populated\">\n<div class=\"elementor-element elementor-element-08a57e8 elementor-widget elementor-widget-text-editor\" data-id=\"08a57e8\" data-element_type=\"widget\" data-widget_type=\"text-editor.default\">\n<div class=\"elementor-widget-container\">\n<\/div>\n<\/div>\n<\/div>\n<\/div>\n<\/div>\n<\/section><\/div>\n\t\t\t\t\t\t\t\t<\/div>\n\t\t\t\t<\/div>\n\t\t\t\t\t<\/div>\n\t\t<\/div>\n\t\t\t\t\t<\/div>\n\t\t<\/section>\n\t\t\t\t<section class=\"elementor-section elementor-top-section elementor-element elementor-element-26aea8fc elementor-section-boxed elementor-section-height-default elementor-section-height-default parallax_section_no qode_elementor_container_no\" data-id=\"26aea8fc\" data-element_type=\"section\" data-e-type=\"section\">\n\t\t\t\t\t\t<div class=\"elementor-container elementor-column-gap-default\">\n\t\t\t\t\t<div class=\"elementor-column elementor-col-100 elementor-top-column elementor-element elementor-element-2cea631\" data-id=\"2cea631\" data-element_type=\"column\" data-e-type=\"column\">\n\t\t\t<div class=\"elementor-widget-wrap elementor-element-populated\">\n\t\t\t\t\t\t<div class=\"elementor-element elementor-element-689726b7 elementor-widget elementor-widget-text-editor\" data-id=\"689726b7\" data-element_type=\"widget\" data-e-type=\"widget\" data-widget_type=\"text-editor.default\">\n\t\t\t\t<div class=\"elementor-widget-container\">\n\t\t\t\t\t\t\t\t\t<div data-post-id=\"1399\" class=\"insert-page insert-page-1399\">\t\t<div data-elementor-type=\"wp-page\" data-elementor-id=\"1399\" class=\"elementor elementor-1399\">\n\t\t\t\t\t\t<section class=\"elementor-section elementor-top-section elementor-element elementor-element-406193c elementor-section-boxed elementor-section-height-default elementor-section-height-default parallax_section_no qode_elementor_container_no\" data-id=\"406193c\" data-element_type=\"section\" data-e-type=\"section\">\n\t\t\t\t\t\t<div class=\"elementor-container elementor-column-gap-default\">\n\t\t\t\t\t<div class=\"elementor-column elementor-col-100 elementor-top-column elementor-element elementor-element-68aa7b5\" data-id=\"68aa7b5\" data-element_type=\"column\" data-e-type=\"column\">\n\t\t\t<div class=\"elementor-widget-wrap elementor-element-populated\">\n\t\t\t\t\t\t<section class=\"elementor-section elementor-inner-section elementor-element elementor-element-23bcadb elementor-section-boxed elementor-section-height-default elementor-section-height-default parallax_section_no qode_elementor_container_no\" data-id=\"23bcadb\" data-element_type=\"section\" data-e-type=\"section\">\n\t\t\t\t\t\t<div class=\"elementor-container elementor-column-gap-default\">\n\t\t\t\t\t<div class=\"elementor-column elementor-col-33 elementor-inner-column elementor-element elementor-element-ae8550e\" data-id=\"ae8550e\" data-element_type=\"column\" data-e-type=\"column\">\n\t\t\t<div class=\"elementor-widget-wrap elementor-element-populated\">\n\t\t\t\t\t\t<div class=\"elementor-element elementor-element-26f1c74 elementor-widget-divider--view-line elementor-widget elementor-widget-divider\" data-id=\"26f1c74\" data-element_type=\"widget\" data-e-type=\"widget\" data-widget_type=\"divider.default\">\n\t\t\t\t<div class=\"elementor-widget-container\">\n\t\t\t\t\t\t\t<div class=\"elementor-divider\">\n\t\t\t<span class=\"elementor-divider-separator\">\n\t\t\t\t\t\t<\/span>\n\t\t<\/div>\n\t\t\t\t\t\t<\/div>\n\t\t\t\t<\/div>\n\t\t\t\t\t<\/div>\n\t\t<\/div>\n\t\t\t\t<div class=\"elementor-column elementor-col-33 elementor-inner-column elementor-element elementor-element-e2f3a8d\" data-id=\"e2f3a8d\" data-element_type=\"column\" data-e-type=\"column\">\n\t\t\t<div class=\"elementor-widget-wrap elementor-element-populated\">\n\t\t\t\t\t\t<div class=\"elementor-element elementor-element-0af5943 elementor-widget elementor-widget-text-editor\" data-id=\"0af5943\" data-element_type=\"widget\" data-e-type=\"widget\" data-widget_type=\"text-editor.default\">\n\t\t\t\t<div class=\"elementor-widget-container\">\n\t\t\t\t\t\t\t\t\t<h3>OUR CERTIFICATES<\/h3>\t\t\t\t\t\t\t\t<\/div>\n\t\t\t\t<\/div>\n\t\t\t\t\t<\/div>\n\t\t<\/div>\n\t\t\t\t<div class=\"elementor-column elementor-col-33 elementor-inner-column elementor-element elementor-element-da51e11\" data-id=\"da51e11\" data-element_type=\"column\" data-e-type=\"column\">\n\t\t\t<div class=\"elementor-widget-wrap elementor-element-populated\">\n\t\t\t\t\t\t<div class=\"elementor-element elementor-element-251c503 elementor-widget-divider--view-line elementor-widget elementor-widget-divider\" data-id=\"251c503\" data-element_type=\"widget\" data-e-type=\"widget\" data-widget_type=\"divider.default\">\n\t\t\t\t<div class=\"elementor-widget-container\">\n\t\t\t\t\t\t\t<div class=\"elementor-divider\">\n\t\t\t<span class=\"elementor-divider-separator\">\n\t\t\t\t\t\t<\/span>\n\t\t<\/div>\n\t\t\t\t\t\t<\/div>\n\t\t\t\t<\/div>\n\t\t\t\t\t<\/div>\n\t\t<\/div>\n\t\t\t\t\t<\/div>\n\t\t<\/section>\n\t\t\t\t<section class=\"elementor-section elementor-inner-section elementor-element elementor-element-e01e01e elementor-section-boxed elementor-section-height-default elementor-section-height-default parallax_section_no qode_elementor_container_no\" data-id=\"e01e01e\" data-element_type=\"section\" data-e-type=\"section\">\n\t\t\t\t\t\t<div class=\"elementor-container elementor-column-gap-default\">\n\t\t\t\t\t<div class=\"elementor-column elementor-col-25 elementor-inner-column elementor-element elementor-element-1b352d8\" data-id=\"1b352d8\" data-element_type=\"column\" data-e-type=\"column\">\n\t\t\t<div class=\"elementor-widget-wrap elementor-element-populated\">\n\t\t\t\t\t\t<div class=\"elementor-element elementor-element-f5c4851 elementor-widget elementor-widget-image\" data-id=\"f5c4851\" data-element_type=\"widget\" data-e-type=\"widget\" data-widget_type=\"image.default\">\n\t\t\t\t<div class=\"elementor-widget-container\">\n\t\t\t\t\t\t\t\t\t\t\t\t\t\t\t\t<a href=\"https:\/\/www.slovenia.info\/sl\/poslovne-strani\/odgovorni-potovalni-standardi-slovenskega-turizma\">\n\t\t\t\t\t\t\t<img fetchpriority=\"high\" decoding=\"async\" width=\"300\" height=\"300\" src=\"https:\/\/www.tk-marjanca.net\/wp-content\/uploads\/2021\/07\/safe-certifikat-1-300x300.png\" class=\"attachment-medium size-medium wp-image-1483\" alt=\"\" srcset=\"https:\/\/www.tk-marjanca.net\/wp-content\/uploads\/2021\/07\/safe-certifikat-1-300x300.png 300w, https:\/\/www.tk-marjanca.net\/wp-content\/uploads\/2021\/07\/safe-certifikat-1-150x150.png 150w, https:\/\/www.tk-marjanca.net\/wp-content\/uploads\/2021\/07\/safe-certifikat-1.png 400w\" sizes=\"(max-width: 300px) 100vw, 300px\" \/>\t\t\t\t\t\t\t\t<\/a>\n\t\t\t\t\t\t\t\t\t\t\t\t\t\t\t<\/div>\n\t\t\t\t<\/div>\n\t\t\t\t\t<\/div>\n\t\t<\/div>\n\t\t\t\t<div class=\"elementor-column elementor-col-25 elementor-inner-column elementor-element elementor-element-c03f06c\" data-id=\"c03f06c\" data-element_type=\"column\" data-e-type=\"column\">\n\t\t\t<div class=\"elementor-widget-wrap elementor-element-populated\">\n\t\t\t\t\t\t<div class=\"elementor-element elementor-element-4ed68ef elementor-widget elementor-widget-image\" data-id=\"4ed68ef\" data-element_type=\"widget\" data-e-type=\"widget\" data-widget_type=\"image.default\">\n\t\t\t\t<div class=\"elementor-widget-container\">\n\t\t\t\t\t\t\t\t\t\t\t\t\t\t\t\t<a href=\"https:\/\/www.turisticnekmetije.si\/kategorija\" target=\"_blank\">\n\t\t\t\t\t\t\t<img decoding=\"async\" width=\"224\" height=\"219\" src=\"https:\/\/www.tk-marjanca.net\/wp-content\/uploads\/2022\/03\/4-jabolke.png\" class=\"attachment-medium size-medium wp-image-2332\" alt=\"\" srcset=\"https:\/\/www.tk-marjanca.net\/wp-content\/uploads\/2022\/03\/4-jabolke.png 224w, https:\/\/www.tk-marjanca.net\/wp-content\/uploads\/2022\/03\/4-jabolke-12x12.png 12w\" sizes=\"(max-width: 224px) 100vw, 224px\" \/>\t\t\t\t\t\t\t\t<\/a>\n\t\t\t\t\t\t\t\t\t\t\t\t\t\t\t<\/div>\n\t\t\t\t<\/div>\n\t\t\t\t\t<\/div>\n\t\t<\/div>\n\t\t\t\t<div class=\"elementor-column elementor-col-25 elementor-inner-column elementor-element elementor-element-07bac00\" data-id=\"07bac00\" data-element_type=\"column\" data-e-type=\"column\">\n\t\t\t<div class=\"elementor-widget-wrap elementor-element-populated\">\n\t\t\t\t\t\t<div class=\"elementor-element elementor-element-5c2490b elementor-widget elementor-widget-image\" data-id=\"5c2490b\" data-element_type=\"widget\" data-e-type=\"widget\" data-widget_type=\"image.default\">\n\t\t\t\t<div class=\"elementor-widget-container\">\n\t\t\t\t\t\t\t\t\t\t\t\t\t\t\t\t<a href=\"https:\/\/www.slovenia.info\/sl\/zgodbe\/zelena-zgodba-slovenije\" target=\"_blank\">\n\t\t\t\t\t\t\t<img decoding=\"async\" width=\"298\" height=\"176\" src=\"https:\/\/www.tk-marjanca.net\/wp-content\/uploads\/2024\/07\/sto_slovenia_green.png\" class=\"attachment-medium size-medium wp-image-3709\" alt=\"\" srcset=\"https:\/\/www.tk-marjanca.net\/wp-content\/uploads\/2024\/07\/sto_slovenia_green.png 298w, https:\/\/www.tk-marjanca.net\/wp-content\/uploads\/2024\/07\/sto_slovenia_green-18x12.png 18w\" sizes=\"(max-width: 298px) 100vw, 298px\" \/>\t\t\t\t\t\t\t\t<\/a>\n\t\t\t\t\t\t\t\t\t\t\t\t\t\t\t<\/div>\n\t\t\t\t<\/div>\n\t\t\t\t\t<\/div>\n\t\t<\/div>\n\t\t\t\t<div class=\"elementor-column elementor-col-25 elementor-inner-column elementor-element elementor-element-a6cabcb\" data-id=\"a6cabcb\" data-element_type=\"column\" data-e-type=\"column\">\n\t\t\t<div class=\"elementor-widget-wrap elementor-element-populated\">\n\t\t\t\t\t\t<div class=\"elementor-element elementor-element-68bb7a4 elementor-widget elementor-widget-image\" data-id=\"68bb7a4\" data-element_type=\"widget\" data-e-type=\"widget\" data-widget_type=\"image.default\">\n\t\t\t\t<div class=\"elementor-widget-container\">\n\t\t\t\t\t\t\t\t\t\t\t\t\t\t\t\t<a href=\"https:\/\/ec.europa.eu\/environment\/ecolabel\/\" target=\"_blank\">\n\t\t\t\t\t\t\t<img loading=\"lazy\" decoding=\"async\" width=\"200\" height=\"229\" src=\"https:\/\/www.tk-marjanca.net\/wp-content\/uploads\/2021\/07\/KmetijaMARJANCA_ecolabel_CMYK-04a.jpg\" class=\"attachment-medium size-medium wp-image-1482\" alt=\"\" \/>\t\t\t\t\t\t\t\t<\/a>\n\t\t\t\t\t\t\t\t\t\t\t\t\t\t\t<\/div>\n\t\t\t\t<\/div>\n\t\t\t\t\t<\/div>\n\t\t<\/div>\n\t\t\t\t\t<\/div>\n\t\t<\/section>\n\t\t\t\t\t<\/div>\n\t\t<\/div>\n\t\t\t\t\t<\/div>\n\t\t<\/section>\n\t\t\t\t<\/div>\n\t\t<\/div>\n\t\t\t\t\t\t\t\t<\/div>\n\t\t\t\t<\/div>\n\t\t\t\t\t<\/div>\n\t\t<\/div>\n\t\t\t\t\t<\/div>\n\t\t<\/section>\n\t\t\t\t<\/div>","protected":false},"excerpt":{"rendered":"<p>ABOUT COOKIES All website visitors have many cookies stored on their computers, tablets and mobile phones. With the new legislation (ZEKom-1) there are changes regarding information or consent of visitors to their use. WHAT ARE COOKIES Cookies in computers and the Internet are small\u2026<\/p>","protected":false},"author":1,"featured_media":0,"parent":0,"menu_order":0,"comment_status":"closed","ping_status":"closed","template":"","meta":{"footnotes":""},"class_list":["post-1507","page","type-page","status-publish","hentry"],"yoast_head":"<!-- This site is optimized with the Yoast SEO plugin v27.3 - https:\/\/yoast.com\/product\/yoast-seo-wordpress\/ -->\n<title>Pi\u0161kotki - TURISTI\u010cNA KMETIJA - MARJANCA<\/title>\n<meta name=\"robots\" content=\"index, follow, max-snippet:-1, max-image-preview:large, max-video-preview:-1\" \/>\n<link rel=\"canonical\" href=\"https:\/\/www.tk-marjanca.net\/en\/piskotki\/\" \/>\n<meta property=\"og:locale\" content=\"en_GB\" \/>\n<meta property=\"og:type\" content=\"article\" \/>\n<meta property=\"og:title\" content=\"Pi\u0161kotki - TURISTI\u010cNA KMETIJA - MARJANCA\" \/>\n<meta property=\"og:description\" content=\"O PI\u0160KOTKIH Pi\u0161kotke imamo vsi obiskovalci spletnih strani na svojih ra\u010dunalnikih, tablicah in mobilnih telefonoh shranjenih \u017ee veliko. Z novo zakonodajo (ZEKom-1) prihaja do sprememb glede obve\u0161\u010danja oz. sogla\u0161anja obiskovalcev z njihovo uporabo. KAJ SO PI\u0160KOTKI Pi\u0161kotki v ra\u010dunalni\u0161tvu in v okviru interneta so male...\" \/>\n<meta property=\"og:url\" content=\"https:\/\/www.tk-marjanca.net\/en\/piskotki\/\" \/>\n<meta property=\"og:site_name\" content=\"TURISTI\u010cNA KMETIJA - MARJANCA\" \/>\n<meta property=\"article:publisher\" content=\"https:\/\/www.facebook.com\/tkmarjanca\" \/>\n<meta property=\"article:modified_time\" content=\"2022-03-03T22:30:47+00:00\" \/>\n<meta property=\"og:image\" content=\"https:\/\/www.tk-marjanca.net\/wp-content\/uploads\/2021\/07\/turisticna-kmetija-marjanca.jpg\" \/>\n\t<meta property=\"og:image:width\" content=\"1200\" \/>\n\t<meta property=\"og:image:height\" content=\"800\" \/>\n\t<meta property=\"og:image:type\" content=\"image\/jpeg\" \/>\n<meta name=\"twitter:card\" content=\"summary_large_image\" \/>\n<meta name=\"twitter:label1\" content=\"Estimated reading time\" \/>\n\t<meta name=\"twitter:data1\" content=\"1 minute\" \/>\n<script type=\"application\/ld+json\" class=\"yoast-schema-graph\">{\"@context\":\"https:\\\/\\\/schema.org\",\"@graph\":[{\"@type\":\"WebPage\",\"@id\":\"https:\\\/\\\/www.tk-marjanca.net\\\/piskotki\\\/\",\"url\":\"https:\\\/\\\/www.tk-marjanca.net\\\/piskotki\\\/\",\"name\":\"Pi\u0161kotki - TURISTI\u010cNA KMETIJA - MARJANCA\",\"isPartOf\":{\"@id\":\"https:\\\/\\\/www.tk-marjanca.net\\\/#website\"},\"datePublished\":\"2022-03-03T21:35:02+00:00\",\"dateModified\":\"2022-03-03T22:30:47+00:00\",\"breadcrumb\":{\"@id\":\"https:\\\/\\\/www.tk-marjanca.net\\\/piskotki\\\/#breadcrumb\"},\"inLanguage\":\"en-GB\",\"potentialAction\":[{\"@type\":\"ReadAction\",\"target\":[\"https:\\\/\\\/www.tk-marjanca.net\\\/piskotki\\\/\"]}]},{\"@type\":\"BreadcrumbList\",\"@id\":\"https:\\\/\\\/www.tk-marjanca.net\\\/piskotki\\\/#breadcrumb\",\"itemListElement\":[{\"@type\":\"ListItem\",\"position\":1,\"name\":\"Home\",\"item\":\"https:\\\/\\\/www.tk-marjanca.net\\\/\"},{\"@type\":\"ListItem\",\"position\":2,\"name\":\"Pi\u0161kotki\"}]},{\"@type\":\"WebSite\",\"@id\":\"https:\\\/\\\/www.tk-marjanca.net\\\/#website\",\"url\":\"https:\\\/\\\/www.tk-marjanca.net\\\/\",\"name\":\"TURISTI\u010cNA KMETIJA - MARJANCA\",\"description\":\"Dobrodo\u0161li pri nas doma\",\"publisher\":{\"@id\":\"https:\\\/\\\/www.tk-marjanca.net\\\/#organization\"},\"potentialAction\":[{\"@type\":\"SearchAction\",\"target\":{\"@type\":\"EntryPoint\",\"urlTemplate\":\"https:\\\/\\\/www.tk-marjanca.net\\\/?s={search_term_string}\"},\"query-input\":{\"@type\":\"PropertyValueSpecification\",\"valueRequired\":true,\"valueName\":\"search_term_string\"}}],\"inLanguage\":\"en-GB\"},{\"@type\":\"Organization\",\"@id\":\"https:\\\/\\\/www.tk-marjanca.net\\\/#organization\",\"name\":\"DOPOLNILNA DEJAVNOST NA KMETIJI DAVID \u010cERNOGOJ\",\"url\":\"https:\\\/\\\/www.tk-marjanca.net\\\/\",\"logo\":{\"@type\":\"ImageObject\",\"inLanguage\":\"en-GB\",\"@id\":\"https:\\\/\\\/www.tk-marjanca.net\\\/#\\\/schema\\\/logo\\\/image\\\/\",\"url\":\"https:\\\/\\\/www.tk-marjanca.net\\\/wp-content\\\/uploads\\\/2021\\\/07\\\/tk-marjanca.png\",\"contentUrl\":\"https:\\\/\\\/www.tk-marjanca.net\\\/wp-content\\\/uploads\\\/2021\\\/07\\\/tk-marjanca.png\",\"width\":400,\"height\":112,\"caption\":\"DOPOLNILNA DEJAVNOST NA KMETIJI DAVID \u010cERNOGOJ\"},\"image\":{\"@id\":\"https:\\\/\\\/www.tk-marjanca.net\\\/#\\\/schema\\\/logo\\\/image\\\/\"},\"sameAs\":[\"https:\\\/\\\/www.facebook.com\\\/tkmarjanca\",\"https:\\\/\\\/www.instagram.com\\\/farmstaymarjanca\\\/\"]}]}<\/script>\n<!-- \/ Yoast SEO plugin. -->","yoast_head_json":{"title":"Pi\u0161kotki - TURISTI\u010cNA KMETIJA - MARJANCA","robots":{"index":"index","follow":"follow","max-snippet":"max-snippet:-1","max-image-preview":"max-image-preview:large","max-video-preview":"max-video-preview:-1"},"canonical":"https:\/\/www.tk-marjanca.net\/en\/piskotki\/","og_locale":"en_GB","og_type":"article","og_title":"Pi\u0161kotki - TURISTI\u010cNA KMETIJA - MARJANCA","og_description":"O PI\u0160KOTKIH Pi\u0161kotke imamo vsi obiskovalci spletnih strani na svojih ra\u010dunalnikih, tablicah in mobilnih telefonoh shranjenih \u017ee veliko. Z novo zakonodajo (ZEKom-1) prihaja do sprememb glede obve\u0161\u010danja oz. sogla\u0161anja obiskovalcev z njihovo uporabo. KAJ SO PI\u0160KOTKI Pi\u0161kotki v ra\u010dunalni\u0161tvu in v okviru interneta so male...","og_url":"https:\/\/www.tk-marjanca.net\/en\/piskotki\/","og_site_name":"TURISTI\u010cNA KMETIJA - MARJANCA","article_publisher":"https:\/\/www.facebook.com\/tkmarjanca","article_modified_time":"2022-03-03T22:30:47+00:00","og_image":[{"width":1200,"height":800,"url":"https:\/\/www.tk-marjanca.net\/wp-content\/uploads\/2021\/07\/turisticna-kmetija-marjanca.jpg","type":"image\/jpeg"}],"twitter_card":"summary_large_image","twitter_misc":{"Estimated reading time":"1 minute"},"schema":{"@context":"https:\/\/schema.org","@graph":[{"@type":"WebPage","@id":"https:\/\/www.tk-marjanca.net\/piskotki\/","url":"https:\/\/www.tk-marjanca.net\/piskotki\/","name":"Pi\u0161kotki - TURISTI\u010cNA KMETIJA - MARJANCA","isPartOf":{"@id":"https:\/\/www.tk-marjanca.net\/#website"},"datePublished":"2022-03-03T21:35:02+00:00","dateModified":"2022-03-03T22:30:47+00:00","breadcrumb":{"@id":"https:\/\/www.tk-marjanca.net\/piskotki\/#breadcrumb"},"inLanguage":"en-GB","potentialAction":[{"@type":"ReadAction","target":["https:\/\/www.tk-marjanca.net\/piskotki\/"]}]},{"@type":"BreadcrumbList","@id":"https:\/\/www.tk-marjanca.net\/piskotki\/#breadcrumb","itemListElement":[{"@type":"ListItem","position":1,"name":"Home","item":"https:\/\/www.tk-marjanca.net\/"},{"@type":"ListItem","position":2,"name":"Pi\u0161kotki"}]},{"@type":"WebSite","@id":"https:\/\/www.tk-marjanca.net\/#website","url":"https:\/\/www.tk-marjanca.net\/","name":"TOURIST FARM - MARJANCA","description":"Welcome to our home","publisher":{"@id":"https:\/\/www.tk-marjanca.net\/#organization"},"potentialAction":[{"@type":"SearchAction","target":{"@type":"EntryPoint","urlTemplate":"https:\/\/www.tk-marjanca.net\/?s={search_term_string}"},"query-input":{"@type":"PropertyValueSpecification","valueRequired":true,"valueName":"search_term_string"}}],"inLanguage":"en-GB"},{"@type":"Organization","@id":"https:\/\/www.tk-marjanca.net\/#organization","name":"DOPOLNILNA DEJAVNOST NA KMETIJI DAVID \u010cERNOGOJ","url":"https:\/\/www.tk-marjanca.net\/","logo":{"@type":"ImageObject","inLanguage":"en-GB","@id":"https:\/\/www.tk-marjanca.net\/#\/schema\/logo\/image\/","url":"https:\/\/www.tk-marjanca.net\/wp-content\/uploads\/2021\/07\/tk-marjanca.png","contentUrl":"https:\/\/www.tk-marjanca.net\/wp-content\/uploads\/2021\/07\/tk-marjanca.png","width":400,"height":112,"caption":"DOPOLNILNA DEJAVNOST NA KMETIJI DAVID \u010cERNOGOJ"},"image":{"@id":"https:\/\/www.tk-marjanca.net\/#\/schema\/logo\/image\/"},"sameAs":["https:\/\/www.facebook.com\/tkmarjanca","https:\/\/www.instagram.com\/farmstaymarjanca\/"]}]}},"_links":{"self":[{"href":"https:\/\/www.tk-marjanca.net\/en\/wp-json\/wp\/v2\/pages\/1507","targetHints":{"allow":["GET"]}}],"collection":[{"href":"https:\/\/www.tk-marjanca.net\/en\/wp-json\/wp\/v2\/pages"}],"about":[{"href":"https:\/\/www.tk-marjanca.net\/en\/wp-json\/wp\/v2\/types\/page"}],"author":[{"embeddable":true,"href":"https:\/\/www.tk-marjanca.net\/en\/wp-json\/wp\/v2\/users\/1"}],"replies":[{"embeddable":true,"href":"https:\/\/www.tk-marjanca.net\/en\/wp-json\/wp\/v2\/comments?post=1507"}],"version-history":[{"count":0,"href":"https:\/\/www.tk-marjanca.net\/en\/wp-json\/wp\/v2\/pages\/1507\/revisions"}],"wp:attachment":[{"href":"https:\/\/www.tk-marjanca.net\/en\/wp-json\/wp\/v2\/media?parent=1507"}],"curies":[{"name":"wp","href":"https:\/\/api.w.org\/{rel}","templated":true}]}}