{"id":3,"date":"2022-03-03T21:22:42","date_gmt":"2022-03-03T20:22:42","guid":{"rendered":"https:\/\/www.tk-marjanca.net\/?page_id=3"},"modified":"2022-12-15T11:54:30","modified_gmt":"2022-12-15T10:54:30","slug":"pravilnik-o-zasebnosti","status":"publish","type":"page","link":"https:\/\/www.tk-marjanca.net\/en\/pravilnik-o-zasebnosti\/","title":{"rendered":"Privacy Policy"},"content":{"rendered":"<div data-elementor-type=\"wp-page\" data-elementor-id=\"3\" class=\"elementor elementor-3\">\n\t\t\t\t\t\t<section class=\"elementor-section elementor-top-section elementor-element elementor-element-1d1d342 elementor-section-boxed elementor-section-height-default elementor-section-height-default parallax_section_no qode_elementor_container_no\" data-id=\"1d1d342\" data-element_type=\"section\" data-e-type=\"section\">\n\t\t\t\t\t\t<div class=\"elementor-container elementor-column-gap-default\">\n\t\t\t\t\t<div class=\"elementor-column elementor-col-100 elementor-top-column elementor-element elementor-element-9c89368\" data-id=\"9c89368\" data-element_type=\"column\" data-e-type=\"column\">\n\t\t\t<div class=\"elementor-widget-wrap elementor-element-populated\">\n\t\t\t\t\t\t<div class=\"elementor-element elementor-element-8545a60 elementor-widget elementor-widget-heading\" data-id=\"8545a60\" data-element_type=\"widget\" data-e-type=\"widget\" data-widget_type=\"heading.default\">\n\t\t\t\t<div class=\"elementor-widget-container\">\n\t\t\t\t\t<h3 class=\"elementor-heading-title elementor-size-default\">What information do we collect?<\/h3>\t\t\t\t<\/div>\n\t\t\t\t<\/div>\n\t\t\t\t<div class=\"elementor-element elementor-element-6e8ed6e elementor-widget elementor-widget-text-editor\" data-id=\"6e8ed6e\" data-element_type=\"widget\" data-e-type=\"widget\" data-widget_type=\"text-editor.default\">\n\t\t\t\t<div class=\"elementor-widget-container\">\n\t\t\t\t\t\t\t\t\t<p>For the purposes of making an online reservation, contact details and information about the holder of the reservation or the guest are stored.<\/p>\t\t\t\t\t\t\t\t<\/div>\n\t\t\t\t<\/div>\n\t\t\t\t<div class=\"elementor-element elementor-element-5febf76 elementor-widget elementor-widget-heading\" data-id=\"5febf76\" data-element_type=\"widget\" data-e-type=\"widget\" data-widget_type=\"heading.default\">\n\t\t\t\t<div class=\"elementor-widget-container\">\n\t\t\t\t\t<h3 class=\"elementor-heading-title elementor-size-default\">What do we use your data for?<\/h3>\t\t\t\t<\/div>\n\t\t\t\t<\/div>\n\t\t\t\t<div class=\"elementor-element elementor-element-ced377f elementor-widget elementor-widget-text-editor\" data-id=\"ced377f\" data-element_type=\"widget\" data-e-type=\"widget\" data-widget_type=\"text-editor.default\">\n\t\t\t\t<div class=\"elementor-widget-container\">\n\t\t\t\t\t\t\t\t\t<p>We can use your data to answer questions or. realization of the sent reservation or request. Your data will not be sold, exchanged, transferred or given to any other company for any reason.<\/p>\t\t\t\t\t\t\t\t<\/div>\n\t\t\t\t<\/div>\n\t\t\t\t<div class=\"elementor-element elementor-element-bbc3d45 elementor-widget elementor-widget-heading\" data-id=\"bbc3d45\" data-element_type=\"widget\" data-e-type=\"widget\" data-widget_type=\"heading.default\">\n\t\t\t\t<div class=\"elementor-widget-container\">\n\t\t\t\t\t<h3 class=\"elementor-heading-title elementor-size-default\">How do we protect your information?<\/h3>\t\t\t\t<\/div>\n\t\t\t\t<\/div>\n\t\t\t\t<div class=\"elementor-element elementor-element-0c97888 elementor-widget elementor-widget-text-editor\" data-id=\"0c97888\" data-element_type=\"widget\" data-e-type=\"widget\" data-widget_type=\"text-editor.default\">\n\t\t\t\t<div class=\"elementor-widget-container\">\n\t\t\t\t\t\t\t\t\t<p>Your data related to the reservation are stored in the reservation system, which we use to manage reservations (the system provider is the company INTERSPLET doo).<br \/>Only persons employed by the company have access to the data and are granted rights to do so (reception, support).<br \/>All data between the website and the reservation system is transmitted over a secure HTTPS connection.<\/p>\n<p>Online payments and other transactions are made on the website of the service provider (eg banks, PayPal) and are not processed or stored by us.<\/p>\t\t\t\t\t\t\t\t<\/div>\n\t\t\t\t<\/div>\n\t\t\t\t<div class=\"elementor-element elementor-element-50181ff elementor-widget elementor-widget-heading\" data-id=\"50181ff\" data-element_type=\"widget\" data-e-type=\"widget\" data-widget_type=\"heading.default\">\n\t\t\t\t<div class=\"elementor-widget-container\">\n\t\t\t\t\t<h3 class=\"elementor-heading-title elementor-size-default\">Disclosure to third parties\n<\/h3>\t\t\t\t<\/div>\n\t\t\t\t<\/div>\n\t\t\t\t<div class=\"elementor-element elementor-element-eccc8d6 elementor-widget elementor-widget-text-editor\" data-id=\"eccc8d6\" data-element_type=\"widget\" data-e-type=\"widget\" data-widget_type=\"text-editor.default\">\n\t\t\t\t<div class=\"elementor-widget-container\">\n\t\t\t\t\t\t\t\t\t<p>We do not sell, trade or otherwise transfer your personal information to third parties.<\/p>\t\t\t\t\t\t\t\t<\/div>\n\t\t\t\t<\/div>\n\t\t\t\t<div class=\"elementor-element elementor-element-04e1e17 elementor-widget elementor-widget-heading\" data-id=\"04e1e17\" data-element_type=\"widget\" data-e-type=\"widget\" data-widget_type=\"heading.default\">\n\t\t\t\t<div class=\"elementor-widget-container\">\n\t\t\t\t\t<h3 class=\"elementor-heading-title elementor-size-default\">Third party connections<\/h3>\t\t\t\t<\/div>\n\t\t\t\t<\/div>\n\t\t\t\t<div class=\"elementor-element elementor-element-e9233c0 elementor-widget elementor-widget-text-editor\" data-id=\"e9233c0\" data-element_type=\"widget\" data-e-type=\"widget\" data-widget_type=\"text-editor.default\">\n\t\t\t\t<div class=\"elementor-widget-container\">\n\t\t\t\t\t\t\t\t\t<p>We may include or offer third party products or services on the Website. These third party websites have separate and independent privacy policies. For this reason, we are not responsible for the content and activities of these linked sites. Nevertheless, we strive to protect the integrity of our site, so any feedback on these sites is welcome.<\/p>\t\t\t\t\t\t\t\t<\/div>\n\t\t\t\t<\/div>\n\t\t\t\t<div class=\"elementor-element elementor-element-0abfafc elementor-widget elementor-widget-heading\" data-id=\"0abfafc\" data-element_type=\"widget\" data-e-type=\"widget\" data-widget_type=\"heading.default\">\n\t\t\t\t<div class=\"elementor-widget-container\">\n\t\t\t\t\t<h3 class=\"elementor-heading-title elementor-size-default\">Changes to our Privacy Policy\n<\/h3>\t\t\t\t<\/div>\n\t\t\t\t<\/div>\n\t\t\t\t<div class=\"elementor-element elementor-element-2910f79 elementor-widget elementor-widget-text-editor\" data-id=\"2910f79\" data-element_type=\"widget\" data-e-type=\"widget\" data-widget_type=\"text-editor.default\">\n\t\t\t\t<div class=\"elementor-widget-container\">\n\t\t\t\t\t\t\t\t\tIf we decide to change our privacy policy, we will post those changes on this page.\t\t\t\t\t\t\t\t<\/div>\n\t\t\t\t<\/div>\n\t\t\t\t<div class=\"elementor-element elementor-element-a0fce70 elementor-widget elementor-widget-heading\" data-id=\"a0fce70\" data-element_type=\"widget\" data-e-type=\"widget\" data-widget_type=\"heading.default\">\n\t\t\t\t<div class=\"elementor-widget-container\">\n\t\t\t\t\t<h3 class=\"elementor-heading-title elementor-size-default\">Contact us<\/h3>\t\t\t\t<\/div>\n\t\t\t\t<\/div>\n\t\t\t\t<div class=\"elementor-element elementor-element-e0dca0d elementor-widget elementor-widget-text-editor\" data-id=\"e0dca0d\" data-element_type=\"widget\" data-e-type=\"widget\" data-widget_type=\"text-editor.default\">\n\t\t\t\t<div class=\"elementor-widget-container\">\n\t\t\t\t\t\t\t\t\t<p>If you have any questions about this Privacy Policy, please contact us via the contact page or published contacts.<\/p>\t\t\t\t\t\t\t\t<\/div>\n\t\t\t\t<\/div>\n\t\t\t\t\t<\/div>\n\t\t<\/div>\n\t\t\t\t\t<\/div>\n\t\t<\/section>\n\t\t\t\t<section class=\"elementor-section elementor-top-section elementor-element elementor-element-2e471fd elementor-section-boxed elementor-section-height-default elementor-section-height-default parallax_section_no qode_elementor_container_no\" data-id=\"2e471fd\" data-element_type=\"section\" data-e-type=\"section\">\n\t\t\t\t\t\t<div class=\"elementor-container elementor-column-gap-default\">\n\t\t\t\t\t<div class=\"elementor-column elementor-col-100 elementor-top-column elementor-element elementor-element-cfcacb8\" data-id=\"cfcacb8\" data-element_type=\"column\" data-e-type=\"column\">\n\t\t\t<div class=\"elementor-widget-wrap elementor-element-populated\">\n\t\t\t\t\t\t<div class=\"elementor-element elementor-element-66ba5b0 elementor-widget elementor-widget-text-editor\" data-id=\"66ba5b0\" data-element_type=\"widget\" data-e-type=\"widget\" data-widget_type=\"text-editor.default\">\n\t\t\t\t<div class=\"elementor-widget-container\">\n\t\t\t\t\t\t\t\t\t<div data-post-id=\"1399\" class=\"insert-page insert-page-1399\">\t\t<div data-elementor-type=\"wp-page\" data-elementor-id=\"1399\" class=\"elementor elementor-1399\">\n\t\t\t\t\t\t<section class=\"elementor-section elementor-top-section elementor-element elementor-element-406193c elementor-section-boxed elementor-section-height-default elementor-section-height-default parallax_section_no qode_elementor_container_no\" data-id=\"406193c\" data-element_type=\"section\" data-e-type=\"section\">\n\t\t\t\t\t\t<div class=\"elementor-container elementor-column-gap-default\">\n\t\t\t\t\t<div class=\"elementor-column elementor-col-100 elementor-top-column elementor-element elementor-element-68aa7b5\" data-id=\"68aa7b5\" data-element_type=\"column\" data-e-type=\"column\">\n\t\t\t<div class=\"elementor-widget-wrap elementor-element-populated\">\n\t\t\t\t\t\t<section class=\"elementor-section elementor-inner-section elementor-element elementor-element-23bcadb elementor-section-boxed elementor-section-height-default elementor-section-height-default parallax_section_no qode_elementor_container_no\" data-id=\"23bcadb\" data-element_type=\"section\" data-e-type=\"section\">\n\t\t\t\t\t\t<div class=\"elementor-container elementor-column-gap-default\">\n\t\t\t\t\t<div class=\"elementor-column elementor-col-33 elementor-inner-column elementor-element elementor-element-ae8550e\" data-id=\"ae8550e\" data-element_type=\"column\" data-e-type=\"column\">\n\t\t\t<div class=\"elementor-widget-wrap elementor-element-populated\">\n\t\t\t\t\t\t<div class=\"elementor-element elementor-element-26f1c74 elementor-widget-divider--view-line elementor-widget elementor-widget-divider\" data-id=\"26f1c74\" data-element_type=\"widget\" data-e-type=\"widget\" data-widget_type=\"divider.default\">\n\t\t\t\t<div class=\"elementor-widget-container\">\n\t\t\t\t\t\t\t<div class=\"elementor-divider\">\n\t\t\t<span class=\"elementor-divider-separator\">\n\t\t\t\t\t\t<\/span>\n\t\t<\/div>\n\t\t\t\t\t\t<\/div>\n\t\t\t\t<\/div>\n\t\t\t\t\t<\/div>\n\t\t<\/div>\n\t\t\t\t<div class=\"elementor-column elementor-col-33 elementor-inner-column elementor-element elementor-element-e2f3a8d\" data-id=\"e2f3a8d\" data-element_type=\"column\" data-e-type=\"column\">\n\t\t\t<div class=\"elementor-widget-wrap elementor-element-populated\">\n\t\t\t\t\t\t<div class=\"elementor-element elementor-element-0af5943 elementor-widget elementor-widget-text-editor\" data-id=\"0af5943\" data-element_type=\"widget\" data-e-type=\"widget\" data-widget_type=\"text-editor.default\">\n\t\t\t\t<div class=\"elementor-widget-container\">\n\t\t\t\t\t\t\t\t\t<h3>OUR CERTIFICATES<\/h3>\t\t\t\t\t\t\t\t<\/div>\n\t\t\t\t<\/div>\n\t\t\t\t\t<\/div>\n\t\t<\/div>\n\t\t\t\t<div class=\"elementor-column elementor-col-33 elementor-inner-column elementor-element elementor-element-da51e11\" data-id=\"da51e11\" data-element_type=\"column\" data-e-type=\"column\">\n\t\t\t<div class=\"elementor-widget-wrap elementor-element-populated\">\n\t\t\t\t\t\t<div class=\"elementor-element elementor-element-251c503 elementor-widget-divider--view-line elementor-widget elementor-widget-divider\" data-id=\"251c503\" data-element_type=\"widget\" data-e-type=\"widget\" data-widget_type=\"divider.default\">\n\t\t\t\t<div class=\"elementor-widget-container\">\n\t\t\t\t\t\t\t<div class=\"elementor-divider\">\n\t\t\t<span class=\"elementor-divider-separator\">\n\t\t\t\t\t\t<\/span>\n\t\t<\/div>\n\t\t\t\t\t\t<\/div>\n\t\t\t\t<\/div>\n\t\t\t\t\t<\/div>\n\t\t<\/div>\n\t\t\t\t\t<\/div>\n\t\t<\/section>\n\t\t\t\t<section class=\"elementor-section elementor-inner-section elementor-element elementor-element-e01e01e elementor-section-boxed elementor-section-height-default elementor-section-height-default parallax_section_no qode_elementor_container_no\" data-id=\"e01e01e\" data-element_type=\"section\" data-e-type=\"section\">\n\t\t\t\t\t\t<div class=\"elementor-container elementor-column-gap-default\">\n\t\t\t\t\t<div class=\"elementor-column elementor-col-25 elementor-inner-column elementor-element elementor-element-1b352d8\" data-id=\"1b352d8\" data-element_type=\"column\" data-e-type=\"column\">\n\t\t\t<div class=\"elementor-widget-wrap elementor-element-populated\">\n\t\t\t\t\t\t<div class=\"elementor-element elementor-element-f5c4851 elementor-widget elementor-widget-image\" data-id=\"f5c4851\" data-element_type=\"widget\" data-e-type=\"widget\" data-widget_type=\"image.default\">\n\t\t\t\t<div class=\"elementor-widget-container\">\n\t\t\t\t\t\t\t\t\t\t\t\t\t\t\t\t<a href=\"https:\/\/www.slovenia.info\/sl\/poslovne-strani\/odgovorni-potovalni-standardi-slovenskega-turizma\">\n\t\t\t\t\t\t\t<img fetchpriority=\"high\" decoding=\"async\" width=\"300\" height=\"300\" src=\"https:\/\/www.tk-marjanca.net\/wp-content\/uploads\/2021\/07\/safe-certifikat-1-300x300.png\" class=\"attachment-medium size-medium wp-image-1483\" alt=\"\" srcset=\"https:\/\/www.tk-marjanca.net\/wp-content\/uploads\/2021\/07\/safe-certifikat-1-300x300.png 300w, https:\/\/www.tk-marjanca.net\/wp-content\/uploads\/2021\/07\/safe-certifikat-1-150x150.png 150w, https:\/\/www.tk-marjanca.net\/wp-content\/uploads\/2021\/07\/safe-certifikat-1.png 400w\" sizes=\"(max-width: 300px) 100vw, 300px\" \/>\t\t\t\t\t\t\t\t<\/a>\n\t\t\t\t\t\t\t\t\t\t\t\t\t\t\t<\/div>\n\t\t\t\t<\/div>\n\t\t\t\t\t<\/div>\n\t\t<\/div>\n\t\t\t\t<div class=\"elementor-column elementor-col-25 elementor-inner-column elementor-element elementor-element-c03f06c\" data-id=\"c03f06c\" data-element_type=\"column\" data-e-type=\"column\">\n\t\t\t<div class=\"elementor-widget-wrap elementor-element-populated\">\n\t\t\t\t\t\t<div class=\"elementor-element elementor-element-4ed68ef elementor-widget elementor-widget-image\" data-id=\"4ed68ef\" data-element_type=\"widget\" data-e-type=\"widget\" data-widget_type=\"image.default\">\n\t\t\t\t<div class=\"elementor-widget-container\">\n\t\t\t\t\t\t\t\t\t\t\t\t\t\t\t\t<a href=\"https:\/\/www.turisticnekmetije.si\/kategorija\" target=\"_blank\">\n\t\t\t\t\t\t\t<img decoding=\"async\" width=\"224\" height=\"219\" src=\"https:\/\/www.tk-marjanca.net\/wp-content\/uploads\/2022\/03\/4-jabolke.png\" class=\"attachment-medium size-medium wp-image-2332\" alt=\"\" srcset=\"https:\/\/www.tk-marjanca.net\/wp-content\/uploads\/2022\/03\/4-jabolke.png 224w, https:\/\/www.tk-marjanca.net\/wp-content\/uploads\/2022\/03\/4-jabolke-12x12.png 12w\" sizes=\"(max-width: 224px) 100vw, 224px\" \/>\t\t\t\t\t\t\t\t<\/a>\n\t\t\t\t\t\t\t\t\t\t\t\t\t\t\t<\/div>\n\t\t\t\t<\/div>\n\t\t\t\t\t<\/div>\n\t\t<\/div>\n\t\t\t\t<div class=\"elementor-column elementor-col-25 elementor-inner-column elementor-element elementor-element-07bac00\" data-id=\"07bac00\" data-element_type=\"column\" data-e-type=\"column\">\n\t\t\t<div class=\"elementor-widget-wrap elementor-element-populated\">\n\t\t\t\t\t\t<div class=\"elementor-element elementor-element-5c2490b elementor-widget elementor-widget-image\" data-id=\"5c2490b\" data-element_type=\"widget\" data-e-type=\"widget\" data-widget_type=\"image.default\">\n\t\t\t\t<div class=\"elementor-widget-container\">\n\t\t\t\t\t\t\t\t\t\t\t\t\t\t\t\t<a href=\"https:\/\/www.slovenia.info\/sl\/zgodbe\/zelena-zgodba-slovenije\" target=\"_blank\">\n\t\t\t\t\t\t\t<img decoding=\"async\" width=\"298\" height=\"176\" src=\"https:\/\/www.tk-marjanca.net\/wp-content\/uploads\/2024\/07\/sto_slovenia_green.png\" class=\"attachment-medium size-medium wp-image-3709\" alt=\"\" srcset=\"https:\/\/www.tk-marjanca.net\/wp-content\/uploads\/2024\/07\/sto_slovenia_green.png 298w, https:\/\/www.tk-marjanca.net\/wp-content\/uploads\/2024\/07\/sto_slovenia_green-18x12.png 18w\" sizes=\"(max-width: 298px) 100vw, 298px\" \/>\t\t\t\t\t\t\t\t<\/a>\n\t\t\t\t\t\t\t\t\t\t\t\t\t\t\t<\/div>\n\t\t\t\t<\/div>\n\t\t\t\t\t<\/div>\n\t\t<\/div>\n\t\t\t\t<div class=\"elementor-column elementor-col-25 elementor-inner-column elementor-element elementor-element-a6cabcb\" data-id=\"a6cabcb\" data-element_type=\"column\" data-e-type=\"column\">\n\t\t\t<div class=\"elementor-widget-wrap elementor-element-populated\">\n\t\t\t\t\t\t<div class=\"elementor-element elementor-element-68bb7a4 elementor-widget elementor-widget-image\" data-id=\"68bb7a4\" data-element_type=\"widget\" data-e-type=\"widget\" data-widget_type=\"image.default\">\n\t\t\t\t<div class=\"elementor-widget-container\">\n\t\t\t\t\t\t\t\t\t\t\t\t\t\t\t\t<a href=\"https:\/\/ec.europa.eu\/environment\/ecolabel\/\" target=\"_blank\">\n\t\t\t\t\t\t\t<img loading=\"lazy\" decoding=\"async\" width=\"200\" height=\"229\" src=\"https:\/\/www.tk-marjanca.net\/wp-content\/uploads\/2021\/07\/KmetijaMARJANCA_ecolabel_CMYK-04a.jpg\" class=\"attachment-medium size-medium wp-image-1482\" alt=\"\" \/>\t\t\t\t\t\t\t\t<\/a>\n\t\t\t\t\t\t\t\t\t\t\t\t\t\t\t<\/div>\n\t\t\t\t<\/div>\n\t\t\t\t\t<\/div>\n\t\t<\/div>\n\t\t\t\t\t<\/div>\n\t\t<\/section>\n\t\t\t\t\t<\/div>\n\t\t<\/div>\n\t\t\t\t\t<\/div>\n\t\t<\/section>\n\t\t\t\t<\/div>\n\t\t<\/div>\n\t\t\t\t\t\t\t\t<\/div>\n\t\t\t\t<\/div>\n\t\t\t\t\t<\/div>\n\t\t<\/div>\n\t\t\t\t\t<\/div>\n\t\t<\/section>\n\t\t\t\t<\/div>","protected":false},"excerpt":{"rendered":"<p>What information do we collect? For the purposes of making an online reservation, contact details and information about the holder of the reservation or the guest are stored. What do we use your data for? We can use your data to answer questions or. realization of the sent reservation or request. Your data will not be sold,\u2026<\/p>","protected":false},"author":1,"featured_media":0,"parent":0,"menu_order":0,"comment_status":"closed","ping_status":"open","template":"","meta":{"footnotes":""},"class_list":["post-3","page","type-page","status-publish","hentry"],"yoast_head":"<!-- This site is optimized with the Yoast SEO plugin v27.3 - https:\/\/yoast.com\/product\/yoast-seo-wordpress\/ -->\n<title>Pravilnik o zasebnosti - TURISTI\u010cNA KMETIJA - MARJANCA<\/title>\n<meta name=\"robots\" content=\"index, follow, max-snippet:-1, max-image-preview:large, max-video-preview:-1\" \/>\n<link rel=\"canonical\" href=\"https:\/\/www.tk-marjanca.net\/en\/pravilnik-o-zasebnosti\/\" \/>\n<meta property=\"og:locale\" content=\"en_GB\" \/>\n<meta property=\"og:type\" content=\"article\" \/>\n<meta property=\"og:title\" content=\"Pravilnik o zasebnosti - TURISTI\u010cNA KMETIJA - MARJANCA\" \/>\n<meta property=\"og:description\" content=\"Katere va\u0161e informacije zbiramo? Za potrebe realizacije spletne rezervacije se shranijo kontaktni podatki in podatki o nosilcu rezervacije ali gostu. Za kaj uporabljamo va\u0161e podatke? Va\u0161e podatke lahko uporabimo za odgovarjanje na vpra\u0161anja oz. realizacijo poslane rezervacije ali povpra\u0161evanja. Va\u0161i podatki se ne bodo prodajali,...\" \/>\n<meta property=\"og:url\" content=\"https:\/\/www.tk-marjanca.net\/en\/pravilnik-o-zasebnosti\/\" \/>\n<meta property=\"og:site_name\" content=\"TURISTI\u010cNA KMETIJA - MARJANCA\" \/>\n<meta property=\"article:publisher\" content=\"https:\/\/www.facebook.com\/tkmarjanca\" \/>\n<meta property=\"article:modified_time\" content=\"2022-12-15T10:54:30+00:00\" \/>\n<meta property=\"og:image\" content=\"https:\/\/www.tk-marjanca.net\/wp-content\/uploads\/2021\/07\/turisticna-kmetija-marjanca.jpg\" \/>\n\t<meta property=\"og:image:width\" content=\"1200\" \/>\n\t<meta property=\"og:image:height\" content=\"800\" \/>\n\t<meta property=\"og:image:type\" content=\"image\/jpeg\" \/>\n<meta name=\"twitter:card\" content=\"summary_large_image\" \/>\n<meta name=\"twitter:label1\" content=\"Estimated reading time\" \/>\n\t<meta name=\"twitter:data1\" content=\"2 minutes\" \/>\n<script type=\"application\/ld+json\" class=\"yoast-schema-graph\">{\"@context\":\"https:\\\/\\\/schema.org\",\"@graph\":[{\"@type\":\"WebPage\",\"@id\":\"https:\\\/\\\/www.tk-marjanca.net\\\/pravilnik-o-zasebnosti\\\/\",\"url\":\"https:\\\/\\\/www.tk-marjanca.net\\\/pravilnik-o-zasebnosti\\\/\",\"name\":\"Pravilnik o zasebnosti - TURISTI\u010cNA KMETIJA - MARJANCA\",\"isPartOf\":{\"@id\":\"https:\\\/\\\/www.tk-marjanca.net\\\/#website\"},\"datePublished\":\"2022-03-03T20:22:42+00:00\",\"dateModified\":\"2022-12-15T10:54:30+00:00\",\"breadcrumb\":{\"@id\":\"https:\\\/\\\/www.tk-marjanca.net\\\/pravilnik-o-zasebnosti\\\/#breadcrumb\"},\"inLanguage\":\"en-GB\",\"potentialAction\":[{\"@type\":\"ReadAction\",\"target\":[\"https:\\\/\\\/www.tk-marjanca.net\\\/pravilnik-o-zasebnosti\\\/\"]}]},{\"@type\":\"BreadcrumbList\",\"@id\":\"https:\\\/\\\/www.tk-marjanca.net\\\/pravilnik-o-zasebnosti\\\/#breadcrumb\",\"itemListElement\":[{\"@type\":\"ListItem\",\"position\":1,\"name\":\"Home\",\"item\":\"https:\\\/\\\/www.tk-marjanca.net\\\/\"},{\"@type\":\"ListItem\",\"position\":2,\"name\":\"Pravilnik o zasebnosti\"}]},{\"@type\":\"WebSite\",\"@id\":\"https:\\\/\\\/www.tk-marjanca.net\\\/#website\",\"url\":\"https:\\\/\\\/www.tk-marjanca.net\\\/\",\"name\":\"TURISTI\u010cNA KMETIJA - MARJANCA\",\"description\":\"Dobrodo\u0161li pri nas doma\",\"publisher\":{\"@id\":\"https:\\\/\\\/www.tk-marjanca.net\\\/#organization\"},\"potentialAction\":[{\"@type\":\"SearchAction\",\"target\":{\"@type\":\"EntryPoint\",\"urlTemplate\":\"https:\\\/\\\/www.tk-marjanca.net\\\/?s={search_term_string}\"},\"query-input\":{\"@type\":\"PropertyValueSpecification\",\"valueRequired\":true,\"valueName\":\"search_term_string\"}}],\"inLanguage\":\"en-GB\"},{\"@type\":\"Organization\",\"@id\":\"https:\\\/\\\/www.tk-marjanca.net\\\/#organization\",\"name\":\"DOPOLNILNA DEJAVNOST NA KMETIJI DAVID \u010cERNOGOJ\",\"url\":\"https:\\\/\\\/www.tk-marjanca.net\\\/\",\"logo\":{\"@type\":\"ImageObject\",\"inLanguage\":\"en-GB\",\"@id\":\"https:\\\/\\\/www.tk-marjanca.net\\\/#\\\/schema\\\/logo\\\/image\\\/\",\"url\":\"https:\\\/\\\/www.tk-marjanca.net\\\/wp-content\\\/uploads\\\/2021\\\/07\\\/tk-marjanca.png\",\"contentUrl\":\"https:\\\/\\\/www.tk-marjanca.net\\\/wp-content\\\/uploads\\\/2021\\\/07\\\/tk-marjanca.png\",\"width\":400,\"height\":112,\"caption\":\"DOPOLNILNA DEJAVNOST NA KMETIJI DAVID \u010cERNOGOJ\"},\"image\":{\"@id\":\"https:\\\/\\\/www.tk-marjanca.net\\\/#\\\/schema\\\/logo\\\/image\\\/\"},\"sameAs\":[\"https:\\\/\\\/www.facebook.com\\\/tkmarjanca\",\"https:\\\/\\\/www.instagram.com\\\/farmstaymarjanca\\\/\"]}]}<\/script>\n<!-- \/ Yoast SEO plugin. -->","yoast_head_json":{"title":"Pravilnik o zasebnosti - TURISTI\u010cNA KMETIJA - MARJANCA","robots":{"index":"index","follow":"follow","max-snippet":"max-snippet:-1","max-image-preview":"max-image-preview:large","max-video-preview":"max-video-preview:-1"},"canonical":"https:\/\/www.tk-marjanca.net\/en\/pravilnik-o-zasebnosti\/","og_locale":"en_GB","og_type":"article","og_title":"Pravilnik o zasebnosti - TURISTI\u010cNA KMETIJA - MARJANCA","og_description":"Katere va\u0161e informacije zbiramo? Za potrebe realizacije spletne rezervacije se shranijo kontaktni podatki in podatki o nosilcu rezervacije ali gostu. Za kaj uporabljamo va\u0161e podatke? Va\u0161e podatke lahko uporabimo za odgovarjanje na vpra\u0161anja oz. realizacijo poslane rezervacije ali povpra\u0161evanja. Va\u0161i podatki se ne bodo prodajali,...","og_url":"https:\/\/www.tk-marjanca.net\/en\/pravilnik-o-zasebnosti\/","og_site_name":"TURISTI\u010cNA KMETIJA - MARJANCA","article_publisher":"https:\/\/www.facebook.com\/tkmarjanca","article_modified_time":"2022-12-15T10:54:30+00:00","og_image":[{"width":1200,"height":800,"url":"https:\/\/www.tk-marjanca.net\/wp-content\/uploads\/2021\/07\/turisticna-kmetija-marjanca.jpg","type":"image\/jpeg"}],"twitter_card":"summary_large_image","twitter_misc":{"Estimated reading time":"2 minutes"},"schema":{"@context":"https:\/\/schema.org","@graph":[{"@type":"WebPage","@id":"https:\/\/www.tk-marjanca.net\/pravilnik-o-zasebnosti\/","url":"https:\/\/www.tk-marjanca.net\/pravilnik-o-zasebnosti\/","name":"Pravilnik o zasebnosti - TURISTI\u010cNA KMETIJA - MARJANCA","isPartOf":{"@id":"https:\/\/www.tk-marjanca.net\/#website"},"datePublished":"2022-03-03T20:22:42+00:00","dateModified":"2022-12-15T10:54:30+00:00","breadcrumb":{"@id":"https:\/\/www.tk-marjanca.net\/pravilnik-o-zasebnosti\/#breadcrumb"},"inLanguage":"en-GB","potentialAction":[{"@type":"ReadAction","target":["https:\/\/www.tk-marjanca.net\/pravilnik-o-zasebnosti\/"]}]},{"@type":"BreadcrumbList","@id":"https:\/\/www.tk-marjanca.net\/pravilnik-o-zasebnosti\/#breadcrumb","itemListElement":[{"@type":"ListItem","position":1,"name":"Home","item":"https:\/\/www.tk-marjanca.net\/"},{"@type":"ListItem","position":2,"name":"Pravilnik o zasebnosti"}]},{"@type":"WebSite","@id":"https:\/\/www.tk-marjanca.net\/#website","url":"https:\/\/www.tk-marjanca.net\/","name":"TOURIST FARM - MARJANCA","description":"Welcome to our home","publisher":{"@id":"https:\/\/www.tk-marjanca.net\/#organization"},"potentialAction":[{"@type":"SearchAction","target":{"@type":"EntryPoint","urlTemplate":"https:\/\/www.tk-marjanca.net\/?s={search_term_string}"},"query-input":{"@type":"PropertyValueSpecification","valueRequired":true,"valueName":"search_term_string"}}],"inLanguage":"en-GB"},{"@type":"Organization","@id":"https:\/\/www.tk-marjanca.net\/#organization","name":"DOPOLNILNA DEJAVNOST NA KMETIJI DAVID \u010cERNOGOJ","url":"https:\/\/www.tk-marjanca.net\/","logo":{"@type":"ImageObject","inLanguage":"en-GB","@id":"https:\/\/www.tk-marjanca.net\/#\/schema\/logo\/image\/","url":"https:\/\/www.tk-marjanca.net\/wp-content\/uploads\/2021\/07\/tk-marjanca.png","contentUrl":"https:\/\/www.tk-marjanca.net\/wp-content\/uploads\/2021\/07\/tk-marjanca.png","width":400,"height":112,"caption":"DOPOLNILNA DEJAVNOST NA KMETIJI DAVID \u010cERNOGOJ"},"image":{"@id":"https:\/\/www.tk-marjanca.net\/#\/schema\/logo\/image\/"},"sameAs":["https:\/\/www.facebook.com\/tkmarjanca","https:\/\/www.instagram.com\/farmstaymarjanca\/"]}]}},"_links":{"self":[{"href":"https:\/\/www.tk-marjanca.net\/en\/wp-json\/wp\/v2\/pages\/3","targetHints":{"allow":["GET"]}}],"collection":[{"href":"https:\/\/www.tk-marjanca.net\/en\/wp-json\/wp\/v2\/pages"}],"about":[{"href":"https:\/\/www.tk-marjanca.net\/en\/wp-json\/wp\/v2\/types\/page"}],"author":[{"embeddable":true,"href":"https:\/\/www.tk-marjanca.net\/en\/wp-json\/wp\/v2\/users\/1"}],"replies":[{"embeddable":true,"href":"https:\/\/www.tk-marjanca.net\/en\/wp-json\/wp\/v2\/comments?post=3"}],"version-history":[{"count":0,"href":"https:\/\/www.tk-marjanca.net\/en\/wp-json\/wp\/v2\/pages\/3\/revisions"}],"wp:attachment":[{"href":"https:\/\/www.tk-marjanca.net\/en\/wp-json\/wp\/v2\/media?parent=3"}],"curies":[{"name":"wp","href":"https:\/\/api.w.org\/{rel}","templated":true}]}}